{"id":24,"date":"2017-01-28T18:39:27","date_gmt":"2017-01-28T17:39:27","guid":{"rendered":"http:\/\/wp.lexlet.at\/wp\/?page_id=24"},"modified":"2024-11-26T00:15:34","modified_gmt":"2024-11-25T23:15:34","slug":"ueber-uns","status":"publish","type":"page","link":"https:\/\/www.lexlet.at\/index.php\/ueber-uns\/","title":{"rendered":"Kanzleigeschichte"},"content":{"rendered":"\n<style type=\"text\/css\" data-created_by=\"avia_inline_auto\" id=\"style-css-av-me1c-943741a8d8368f8e946f7e51c00f352b\">\n#top .av-special-heading.av-me1c-943741a8d8368f8e946f7e51c00f352b{\npadding-bottom:30px;\n}\nbody .av-special-heading.av-me1c-943741a8d8368f8e946f7e51c00f352b .av-special-heading-tag .heading-char{\nfont-size:25px;\n}\n.av-special-heading.av-me1c-943741a8d8368f8e946f7e51c00f352b .av-subheading{\nfont-size:15px;\n}\n<\/style>\n<div  class='av-special-heading av-me1c-943741a8d8368f8e946f7e51c00f352b av-special-heading-h3 blockquote modern-quote modern-centered  avia-builder-el-0  el_before_av_textblock  avia-builder-el-first '><h3 class='av-special-heading-tag '  itemprop=\"headline\"  >Die Kanzleigeschichte<\/h3><div class=\"special-heading-border\"><div class=\"special-heading-inner-border\"><\/div><\/div><\/div>\n\n<style type=\"text\/css\" data-created_by=\"avia_inline_auto\" id=\"style-css-av-jk6o-5c99a9588f486d12cc9e375f5fc223c1\">\n#top .av_textblock_section.av-jk6o-5c99a9588f486d12cc9e375f5fc223c1 .avia_textblock{\nfont-size:15px;\n}\n<\/style>\n<section  class='av_textblock_section av-jk6o-5c99a9588f486d12cc9e375f5fc223c1 '   itemscope=\"itemscope\" itemtype=\"https:\/\/schema.org\/CreativeWork\" ><div class='avia_textblock'  itemprop=\"text\" ><p style=\"text-align: center;\">Unsere Kanzlei verbindet mehr als 25 Jahren Qualit\u00e4t mit Innovation und Kreativit\u00e4t.<\/p>\n<\/div><\/section>\n\n<style type=\"text\/css\" data-created_by=\"avia_inline_auto\" id=\"style-css-av-4v89w-3633fb30475075999029bd09d57819ef\">\n.flex_column.av-4v89w-3633fb30475075999029bd09d57819ef{\nborder-radius:0px 0px 0px 0px;\npadding:0px 0px 0px 0px;\n}\n<\/style>\n<div  class='flex_column av-4v89w-3633fb30475075999029bd09d57819ef av_one_third  avia-builder-el-2  el_after_av_textblock  el_before_av_one_third  first flex_column_div av-animated-generic pop-up av-zero-column-padding  column-top-margin'     ><p><section  class='av_textblock_section av-4f1y0-b5a4dba0070ab2f9e313971e9d4cc526 '   itemscope=\"itemscope\" itemtype=\"https:\/\/schema.org\/CreativeWork\" ><div class='avia_textblock'  itemprop=\"text\" ><p>Unser Informationsvideo f\u00fcr Sie:<\/p>\n<\/div><\/section><br \/>\n<div  class='avia-video av-3tgpg-11f6952fbb6b3960687b80db4beabe8d avia-video-16-9 av-no-preview-image avia-video-load-always av-lazyload-immediate av-lazyload-video-embed'  itemprop=\"video\" itemtype=\"https:\/\/schema.org\/VideoObject\"  data-original_url='https:\/\/www.youtube.com\/watch?v=pZRWwa6OfLY'><script type='text\/html' class='av-video-tmpl'><div class='avia-iframe-wrap'><iframe loading=\"lazy\" width=\"1500\" height=\"844\" src=\"https:\/\/www.youtube.com\/embed\/pZRWwa6OfLY?feature=oembed&autoplay=0&loop=0&controls=1&mute=0\" frameborder=\"0\" allow=\"accelerometer; autoplay; encrypted-media; gyroscope; picture-in-picture\" allowfullscreen><\/iframe><\/div><\/script><div class='av-click-to-play-overlay'><div class=\"avia_playpause_icon\"><\/div><\/div><\/div><\/p><\/div>\n\n<style type=\"text\/css\" data-created_by=\"avia_inline_auto\" id=\"style-css-av-33cfg-d52ccbbe3f7800dd681038c841ccb17e\">\n.flex_column.av-33cfg-d52ccbbe3f7800dd681038c841ccb17e{\nborder-radius:0px 0px 0px 0px;\npadding:0px 0px 0px 0px;\n}\n<\/style>\n<div  class='flex_column av-33cfg-d52ccbbe3f7800dd681038c841ccb17e av_one_third  avia-builder-el-5  el_after_av_one_third  el_before_av_one_third  flex_column_div av-animated-generic fade-in av-zero-column-padding  column-top-margin'     ><section  class='av_textblock_section av-2rino-f30bc7d03fd398d268ff1aa8cb0dc83c '   itemscope=\"itemscope\" itemtype=\"https:\/\/schema.org\/CreativeWork\" ><div class='avia_textblock'  itemprop=\"text\" ><p style=\"text-align: center;\"><strong>1993<\/strong><br \/>\nGr\u00fcndung durch die Rechtsanw\u00e4lte<br \/>\nMag. Werner Landl &amp; Mag. Martin Edelmann<br \/>\nam Standort V\u00f6cklabruck in der Galerie Burgstall<\/p>\n<p style=\"text-align: center;\"><strong>2002<\/strong><br \/>\nEr\u00f6ffnung des Standortes<br \/>\nin Attnang-Puchheim<\/p>\n<p style=\"text-align: center;\"><strong>\u00a0Juni 2022<\/strong><br \/>\nZusammenlegung der Standorte in neue Kanzleir\u00e4umlichkeiten<br \/>\nin V\u00f6cklabruck, Ferdinand \u00d6ttl-Stra\u00dfe 15<\/p>\n<p style=\"text-align: center;\"><strong>Aktuell <\/strong><br \/>\n<strong>2<\/strong> Rechtsanw\u00e4lte als Partner<br \/>\n<strong>2<\/strong> Rechtsanwaltsanw\u00e4rter<br \/>\n<strong>5 <\/strong>Kanzleiassistentinnen<\/p>\n<\/div><\/section><\/div>\n<style type=\"text\/css\" data-created_by=\"avia_inline_auto\" id=\"style-css-av-2dgk8-489b51346aafda13ff69db800fc3feb7\">\n.flex_column.av-2dgk8-489b51346aafda13ff69db800fc3feb7{\nborder-radius:0px 0px 0px 0px;\npadding:0px 0px 0px 0px;\n}\n<\/style>\n<div  class='flex_column av-2dgk8-489b51346aafda13ff69db800fc3feb7 av_one_third  avia-builder-el-7  el_after_av_one_third  avia-builder-el-last  flex_column_div av-animated-generic pop-up av-zero-column-padding  column-top-margin'     ><p><section  class='av_textblock_section av-1qwog-f39971cc27fdce70bac48d73d8f3c1a4 '   itemscope=\"itemscope\" itemtype=\"https:\/\/schema.org\/CreativeWork\" ><div class='avia_textblock'  itemprop=\"text\" ><p>Bericht des Bezirks-TV V\u00f6cklabruck \u00fcber unsere 25 Jahre Landl+Edelmann Jubil\u00e4ums-Feier:<\/p>\n<\/div><\/section><br \/>\n<div  class='avia-video av-rz9s-65ccc329768c8372dbee0ea292566678 avia-video-16-9 av-no-preview-image avia-video-load-always av-lazyload-immediate av-lazyload-video-embed'  itemprop=\"video\" itemtype=\"https:\/\/schema.org\/VideoObject\"  data-original_url='https:\/\/www.youtube.com\/watch?v=jd18aBZcYHc'><script type='text\/html' class='av-video-tmpl'><div class='avia-iframe-wrap'><iframe loading=\"lazy\" width=\"1500\" height=\"844\" src=\"https:\/\/www.youtube.com\/embed\/jd18aBZcYHc?feature=oembed&autoplay=0&loop=0&controls=1&mute=0\" frameborder=\"0\" allow=\"accelerometer; autoplay; encrypted-media; gyroscope; picture-in-picture\" allowfullscreen><\/iframe><\/div><\/script><div class='av-click-to-play-overlay'><div class=\"avia_playpause_icon\"><\/div><\/div><\/div><\/p><\/div><\/p>\n","protected":false},"excerpt":{"rendered":"","protected":false},"author":1,"featured_media":0,"parent":0,"menu_order":0,"comment_status":"closed","ping_status":"closed","template":"","meta":{"_monsterinsights_skip_tracking":false,"_monsterinsights_sitenote_active":false,"_monsterinsights_sitenote_note":"","_monsterinsights_sitenote_category":0,"footnotes":""},"class_list":["post-24","page","type-page","status-publish","hentry"],"aioseo_notices":[],"_links":{"self":[{"href":"https:\/\/www.lexlet.at\/index.php\/wp-json\/wp\/v2\/pages\/24","targetHints":{"allow":["GET"]}}],"collection":[{"href":"https:\/\/www.lexlet.at\/index.php\/wp-json\/wp\/v2\/pages"}],"about":[{"href":"https:\/\/www.lexlet.at\/index.php\/wp-json\/wp\/v2\/types\/page"}],"author":[{"embeddable":true,"href":"https:\/\/www.lexlet.at\/index.php\/wp-json\/wp\/v2\/users\/1"}],"replies":[{"embeddable":true,"href":"https:\/\/www.lexlet.at\/index.php\/wp-json\/wp\/v2\/comments?post=24"}],"version-history":[{"count":38,"href":"https:\/\/www.lexlet.at\/index.php\/wp-json\/wp\/v2\/pages\/24\/revisions"}],"predecessor-version":[{"id":1303,"href":"https:\/\/www.lexlet.at\/index.php\/wp-json\/wp\/v2\/pages\/24\/revisions\/1303"}],"wp:attachment":[{"href":"https:\/\/www.lexlet.at\/index.php\/wp-json\/wp\/v2\/media?parent=24"}],"curies":[{"name":"wp","href":"https:\/\/api.w.org\/{rel}","templated":true}]}}