{"id":40,"date":"2017-01-28T20:00:54","date_gmt":"2017-01-28T19:00:54","guid":{"rendered":"http:\/\/wp.lexlet.at\/wp\/?page_id=40"},"modified":"2020-03-04T19:23:53","modified_gmt":"2020-03-04T18:23:53","slug":"schwerpunkte","status":"publish","type":"page","link":"https:\/\/www.lexlet.at\/index.php\/schwerpunkte\/","title":{"rendered":"Schwerpunkte"},"content":{"rendered":"\n<style type=\"text\/css\" data-created_by=\"avia_inline_auto\" id=\"style-css-av-av_one_full-6126cab7d8fab8d08143dd2dacdf673c\">\n.flex_column.av-av_one_full-6126cab7d8fab8d08143dd2dacdf673c{\nborder-radius:0px 0px 0px 0px;\npadding:0px 0px 0px 0px;\n}\n<\/style>\n<div  class='flex_column av-av_one_full-6126cab7d8fab8d08143dd2dacdf673c av_one_full  avia-builder-el-0  el_before_av_one_fourth  avia-builder-el-first  first flex_column_div av-zero-column-padding  '     ><style type=\"text\/css\" data-created_by=\"avia_inline_auto\" id=\"style-css-av-av_heading-655a783b4ca9858ccd95b1ea343745eb\">\n#top .av-special-heading.av-av_heading-655a783b4ca9858ccd95b1ea343745eb{\npadding-bottom:10px;\n}\nbody .av-special-heading.av-av_heading-655a783b4ca9858ccd95b1ea343745eb .av-special-heading-tag .heading-char{\nfont-size:25px;\n}\n.av-special-heading.av-av_heading-655a783b4ca9858ccd95b1ea343745eb .av-subheading{\nfont-size:15px;\n}\n<\/style>\n<div  class='av-special-heading av-av_heading-655a783b4ca9858ccd95b1ea343745eb av-special-heading-h1  avia-builder-el-1  avia-builder-el-no-sibling '><h1 class='av-special-heading-tag '  itemprop=\"headline\"  >Unsere Schwerpunkte<\/h1><div class=\"special-heading-border\"><div class=\"special-heading-inner-border\"><\/div><\/div><\/div><\/div>\n\n<style type=\"text\/css\" data-created_by=\"avia_inline_auto\" id=\"style-css-av-av_one_fourth-6126cab7d8fab8d08143dd2dacdf673c\">\n.flex_column.av-av_one_fourth-6126cab7d8fab8d08143dd2dacdf673c{\nborder-radius:0px 0px 0px 0px;\npadding:0px 0px 0px 0px;\n}\n<\/style>\n<div  class='flex_column av-av_one_fourth-6126cab7d8fab8d08143dd2dacdf673c av_one_fourth  avia-builder-el-2  el_after_av_one_full  el_before_av_one_half  first flex_column_div av-zero-column-padding  column-top-margin'     ><\/div>\n\n<style type=\"text\/css\" data-created_by=\"avia_inline_auto\" id=\"style-css-av-av_one_half-0aa7055fe62c3622faec82866afbaeb2\">\n.flex_column.av-av_one_half-0aa7055fe62c3622faec82866afbaeb2{\nborder-radius:0px 0px 0px 0px;\npadding:0px 0px 0px 0px;\n}\n<\/style>\n<div  class='flex_column av-av_one_half-0aa7055fe62c3622faec82866afbaeb2 av_one_half  avia-builder-el-3  el_after_av_one_fourth  el_before_av_one_fourth  flex_column_div av-zero-column-padding  column-top-margin'     ><div id='avia-messagebox-' class='avia_message_box av_notification av-av_notification-451384a8d80d113167eb334519552204 avia-color-silver avia-size-large avia-icon_select-no avia-border-solid  avia-builder-el-4  avia-builder-el-no-sibling ' ><div class=\"avia_message_box_content\"><p>Im Laufe der Jahre haben wir uns spezialisiert, weiterentwickelt und sind gewachsen.<br \/>\nWir sind stolz darauf, behaupten zu d\u00fcrfen, s\u00e4mtliche unten genannten Bereiche abdecken zu k\u00f6nnen. Sollte Ihr Anliegen nicht angef\u00fchrt sein, z\u00f6gern Sie nicht uns danach zu fragen!<\/p>\n<\/div><\/div><\/div>\n\n<style type=\"text\/css\" data-created_by=\"avia_inline_auto\" id=\"style-css-av-av_one_fourth-0aa7055fe62c3622faec82866afbaeb2\">\n.flex_column.av-av_one_fourth-0aa7055fe62c3622faec82866afbaeb2{\nborder-radius:0px 0px 0px 0px;\npadding:0px 0px 0px 0px;\n}\n<\/style>\n<div  class='flex_column av-av_one_fourth-0aa7055fe62c3622faec82866afbaeb2 av_one_fourth  avia-builder-el-5  el_after_av_one_half  el_before_av_one_half  flex_column_div av-zero-column-padding  column-top-margin'     ><\/div>\n\n<style type=\"text\/css\" data-created_by=\"avia_inline_auto\" id=\"style-css-av-av_one_half-6126cab7d8fab8d08143dd2dacdf673c\">\n.flex_column.av-av_one_half-6126cab7d8fab8d08143dd2dacdf673c{\nborder-radius:0px 0px 0px 0px;\npadding:0px 0px 0px 0px;\n}\n<\/style>\n<div  class='flex_column av-av_one_half-6126cab7d8fab8d08143dd2dacdf673c av_one_half  avia-builder-el-6  el_after_av_one_fourth  el_before_av_one_half  first flex_column_div av-zero-column-padding  column-top-margin'     ><div  class='avia-icon-list-container av-av_iconlist-a98d21aa7682842f3ee59bf46c3a11b8  avia-builder-el-7  avia-builder-el-no-sibling '><ul class='avia-icon-list avia_animate_when_almost_visible avia-icon-list-left av-iconlist-big av-av_iconlist-a98d21aa7682842f3ee59bf46c3a11b8 avia-iconlist-animate'>\n<li><div class='iconlist_icon av-av_iconlist_item-c46532deea346b150c93cb2f50f1f022 avia-font-entypo-fontello avia-iconfont avia-font-entypo-fontello'><span class='av-icon-char' data-av_icon='\ue855' data-av_iconfont='entypo-fontello' aria-hidden=\"true\"><\/span><\/div><article class=\"article-icon-entry \"  itemscope=\"itemscope\" itemtype=\"https:\/\/schema.org\/CreativeWork\" ><div class=\"iconlist_content_wrap\"><header class=\"entry-content-header\" aria-label=\"Icon: Unternehmens- &amp; Wirtschaftsrecht\"><h4 class='av_iconlist_title iconlist_title  '  itemprop=\"headline\" >Unternehmens- &amp; Wirtschaftsrecht<\/h4><\/header><div class='iconlist_content '  itemprop=\"text\" ><p>Vertr\u00e4ge, AGB, Vergabe, Unlauterer Wettbewerb, Immaterialg\u00fcterrecht<\/p>\n<\/div><\/div><footer class=\"entry-footer\"><\/footer><\/article><div class=\"iconlist-timeline\"><\/div><\/li>\n<li><div class='iconlist_icon av-av_iconlist_item-be18ae4b108e4587e471e710315152c9 avia-font-entypo-fontello avia-iconfont avia-font-entypo-fontello'><span class='av-icon-char' data-av_icon='\ue858' data-av_iconfont='entypo-fontello' aria-hidden=\"true\"><\/span><\/div><article class=\"article-icon-entry \"  itemscope=\"itemscope\" itemtype=\"https:\/\/schema.org\/CreativeWork\" ><div class=\"iconlist_content_wrap\"><header class=\"entry-content-header\" aria-label=\"Icon: Gesellschaftsrecht &amp; Unternehmenstransaktionen (M&amp;A)\"><h4 class='av_iconlist_title iconlist_title  '  itemprop=\"headline\" >Gesellschaftsrecht &amp; Unternehmenstransaktionen (M&amp;A)<\/h4><\/header><div class='iconlist_content '  itemprop=\"text\" ><div class=\"page\" title=\"Page 1\">\n<div class=\"section\">\n<div class=\"layoutArea\">\n<div class=\"column\">\n<p>Gru\u0308ndung und Umgru\u0308ndung, Unternehmenskauf u. -verkauf, Strukturoptimierungen, etc&#8230;<\/p>\n<\/div>\n<\/div>\n<\/div>\n<\/div>\n<\/div><\/div><footer class=\"entry-footer\"><\/footer><\/article><div class=\"iconlist-timeline\"><\/div><\/li>\n<li><div class='iconlist_icon av-av_iconlist_item-fd3646c7f6309a3c4fa47089c2bc7491 avia-font-entypo-fontello avia-iconfont avia-font-entypo-fontello'><span class='av-icon-char' data-av_icon='\ue891' data-av_iconfont='entypo-fontello' aria-hidden=\"true\"><\/span><\/div><article class=\"article-icon-entry \"  itemscope=\"itemscope\" itemtype=\"https:\/\/schema.org\/CreativeWork\" ><div class=\"iconlist_content_wrap\"><header class=\"entry-content-header\" aria-label=\"Icon: Unternehmensnachfolge\"><h4 class='av_iconlist_title iconlist_title  '  itemprop=\"headline\" >Unternehmensnachfolge<\/h4><\/header><div class='iconlist_content '  itemprop=\"text\" ><p>Begleitung und Gestaltung von Nachfolgeprozessen<\/p>\n<\/div><\/div><footer class=\"entry-footer\"><\/footer><\/article><div class=\"iconlist-timeline\"><\/div><\/li>\n<li><div class='iconlist_icon av-av_iconlist_item-163ae79c4e3aaea5bcf9e910e98563c2 avia-font-entypo-fontello avia-iconfont avia-font-entypo-fontello'><span class='av-icon-char' data-av_icon='\ue856' data-av_iconfont='entypo-fontello' aria-hidden=\"true\"><\/span><\/div><article class=\"article-icon-entry \"  itemscope=\"itemscope\" itemtype=\"https:\/\/schema.org\/CreativeWork\" ><div class=\"iconlist_content_wrap\"><header class=\"entry-content-header\" aria-label=\"Icon: Arbeits- &amp; Sozialrecht\"><h4 class='av_iconlist_title iconlist_title  '  itemprop=\"headline\" >Arbeits- &amp; Sozialrecht<\/h4><\/header><div class='iconlist_content '  itemprop=\"text\" ><div class=\"page\" title=\"Page 1\">\n<div class=\"section\">\n<div class=\"layoutArea\">\n<div class=\"column\">\n<p>Gestaltung Dienstverh\u00e4ltnisse (kollektives &amp; individuelles Arbeitsrecht), Durchsetzung und Abwehr von Anspru\u0308chen, Durchsetzung von sozialrechtlichen Anspru\u0308chen<\/p>\n<\/div>\n<\/div>\n<\/div>\n<\/div>\n<\/div><\/div><footer class=\"entry-footer\"><\/footer><\/article><div class=\"iconlist-timeline\"><\/div><\/li>\n<li><div class='iconlist_icon av-av_iconlist_item-3113f54b702bb0642be7991d579a3fd7 avia-font-entypo-fontello avia-iconfont avia-font-entypo-fontello'><span class='av-icon-char' data-av_icon='\ue8c5' data-av_iconfont='entypo-fontello' aria-hidden=\"true\"><\/span><\/div><article class=\"article-icon-entry \"  itemscope=\"itemscope\" itemtype=\"https:\/\/schema.org\/CreativeWork\" ><div class=\"iconlist_content_wrap\"><header class=\"entry-content-header\" aria-label=\"Icon: Insolvenzrecht &amp; Unternehmensreorganisation\"><h4 class='av_iconlist_title iconlist_title  '  itemprop=\"headline\" >Insolvenzrecht &amp; Unternehmensreorganisation<\/h4><\/header><div class='iconlist_content '  itemprop=\"text\" ><div class=\"page\" title=\"Page 1\">\n<div class=\"section\">\n<div class=\"layoutArea\">\n<div class=\"column\">\n<p>Gerichtliche und au\u00dfergerichtliche Unternehmenssanierung, Masseverwaltungen, Schuldnervertretung, Gla\u0308ubigervertretung, Reorganisation von Unternehmen<\/p>\n<\/div>\n<\/div>\n<\/div>\n<\/div>\n<\/div><\/div><footer class=\"entry-footer\"><\/footer><\/article><div class=\"iconlist-timeline\"><\/div><\/li>\n<li><div class='iconlist_icon av-av_iconlist_item-60cc3c9cd0ce0bd68a189ca1c991de0b avia-font-entypo-fontello avia-iconfont avia-font-entypo-fontello'><span class='av-icon-char' data-av_icon='\ue841' data-av_iconfont='entypo-fontello' aria-hidden=\"true\"><\/span><\/div><article class=\"article-icon-entry \"  itemscope=\"itemscope\" itemtype=\"https:\/\/schema.org\/CreativeWork\" ><div class=\"iconlist_content_wrap\"><header class=\"entry-content-header\" aria-label=\"Icon: Wirtschafts- &amp; Konfliktcoaching\"><h4 class='av_iconlist_title iconlist_title  '  itemprop=\"headline\" >Wirtschafts- &amp; Konfliktcoaching<\/h4><\/header><div class='iconlist_content '  itemprop=\"text\" ><p>Systemische Begleitung zu Einzelthemen, Organisationsentwicklung, Strategiefindung, Konfliktl\u00f6sung<\/p>\n<\/div><\/div><footer class=\"entry-footer\"><\/footer><\/article><div class=\"iconlist-timeline\"><\/div><\/li>\n<li><div class='iconlist_icon av-av_iconlist_item-04837fc3f2d3bfb88567c206cb266651 avia-font-entypo-fontello avia-iconfont avia-font-entypo-fontello'><span class='av-icon-char' data-av_icon='\ue8d1' data-av_iconfont='entypo-fontello' aria-hidden=\"true\"><\/span><\/div><article class=\"article-icon-entry \"  itemscope=\"itemscope\" itemtype=\"https:\/\/schema.org\/CreativeWork\" ><div class=\"iconlist_content_wrap\"><header class=\"entry-content-header\" aria-label=\"Icon: Verwaltungs- &amp; Verwaltungsstrafrecht\"><h4 class='av_iconlist_title iconlist_title  '  itemprop=\"headline\" >Verwaltungs- &amp; Verwaltungsstrafrecht<\/h4><\/header><div class='iconlist_content '  itemprop=\"text\" ><div class=\"page\" title=\"Page 2\">\n<div class=\"section\">\n<div class=\"layoutArea\">\n<div class=\"column\">\n<p>Begleitung Verwaltungsverfahren (Unternehmen &amp; Private), Vertretung vor Beho\u0308rden und Verwaltungsgerichten<\/p>\n<\/div>\n<\/div>\n<\/div>\n<\/div>\n<\/div><\/div><footer class=\"entry-footer\"><\/footer><\/article><div class=\"iconlist-timeline\"><\/div><\/li>\n<li><div class='iconlist_icon av-av_iconlist_item-44891452f94595f4616c904bbe4e6a44 avia-font-entypo-fontello avia-iconfont avia-font-entypo-fontello'><span class='av-icon-char' data-av_icon='\ue8e3' data-av_iconfont='entypo-fontello' aria-hidden=\"true\"><\/span><\/div><article class=\"article-icon-entry \"  itemscope=\"itemscope\" itemtype=\"https:\/\/schema.org\/CreativeWork\" ><div class=\"iconlist_content_wrap\"><header class=\"entry-content-header\" aria-label=\"Icon: Forderungsbetreibung &amp; Exekutionsrecht\"><h4 class='av_iconlist_title iconlist_title  '  itemprop=\"headline\" >Forderungsbetreibung &amp; Exekutionsrecht<\/h4><\/header><div class='iconlist_content '  itemprop=\"text\" ><div class=\"page\" title=\"Page 1\">\n<div class=\"section\">\n<div class=\"layoutArea\">\n<div class=\"column\">\n<p>Au\u00dfergerichtliche und gerichtliche Betreibung von Forderungen,\u00a0Exekutionsf\u00fchrung<\/p>\n<\/div>\n<\/div>\n<\/div>\n<\/div>\n<\/div><\/div><footer class=\"entry-footer\"><\/footer><\/article><div class=\"iconlist-timeline\"><\/div><\/li>\n<\/ul><\/div><\/div>\n<style type=\"text\/css\" data-created_by=\"avia_inline_auto\" id=\"style-css-av-av_one_half-0aa7055fe62c3622faec82866afbaeb2\">\n.flex_column.av-av_one_half-0aa7055fe62c3622faec82866afbaeb2{\nborder-radius:0px 0px 0px 0px;\npadding:0px 0px 0px 0px;\n}\n<\/style>\n<div  class='flex_column av-av_one_half-0aa7055fe62c3622faec82866afbaeb2 av_one_half  avia-builder-el-8  el_after_av_one_half  avia-builder-el-last  flex_column_div av-zero-column-padding  column-top-margin'     ><div  class='avia-icon-list-container av-av_iconlist-a98d21aa7682842f3ee59bf46c3a11b8  avia-builder-el-9  avia-builder-el-no-sibling '><ul class='avia-icon-list avia_animate_when_almost_visible avia-icon-list-left av-iconlist-big av-av_iconlist-a98d21aa7682842f3ee59bf46c3a11b8 avia-iconlist-animate'>\n<li><div class='iconlist_icon av-av_iconlist_item-6e7d4d337ed3c654c9f919254b4313f7 avia-font-entypo-fontello avia-iconfont avia-font-entypo-fontello'><span class='av-icon-char' data-av_icon='\ue840' data-av_iconfont='entypo-fontello' aria-hidden=\"true\"><\/span><\/div><article class=\"article-icon-entry \"  itemscope=\"itemscope\" itemtype=\"https:\/\/schema.org\/CreativeWork\" ><div class=\"iconlist_content_wrap\"><header class=\"entry-content-header\" aria-label=\"Icon: Prozessf\u00fchrung - Zivilverfahren\"><h4 class='av_iconlist_title iconlist_title  '  itemprop=\"headline\" >Prozessf\u00fchrung - Zivilverfahren<\/h4><\/header><div class='iconlist_content '  itemprop=\"text\" ><div class=\"page\" title=\"Page 1\">\n<div class=\"section\">\n<div class=\"layoutArea\">\n<div class=\"column\">\n<p>Vertretung in sa\u0308mtlichen Angelegenheiten vor Gericht &amp; Schiedsgerichten<\/p>\n<\/div>\n<\/div>\n<\/div>\n<\/div>\n<\/div><\/div><footer class=\"entry-footer\"><\/footer><\/article><div class=\"iconlist-timeline\"><\/div><\/li>\n<li><div class='iconlist_icon av-av_iconlist_item-2e7f5cc56fed62ba1daa9f25b4851dc9 avia-font-entypo-fontello avia-iconfont avia-font-entypo-fontello'><span class='av-icon-char' data-av_icon='\ue80b' data-av_iconfont='entypo-fontello' aria-hidden=\"true\"><\/span><\/div><article class=\"article-icon-entry \"  itemscope=\"itemscope\" itemtype=\"https:\/\/schema.org\/CreativeWork\" ><div class=\"iconlist_content_wrap\"><header class=\"entry-content-header\" aria-label=\"Icon: Ehe, Familie &amp; Partnerschaft\"><h4 class='av_iconlist_title iconlist_title  '  itemprop=\"headline\" >Ehe, Familie &amp; Partnerschaft<\/h4><\/header><div class='iconlist_content '  itemprop=\"text\" ><div class=\"page\" title=\"Page 1\">\n<div class=\"section\">\n<div class=\"layoutArea\">\n<div class=\"column\">\n<p>Ehescheidungen, Unterhalts- u. Obsorgeverfahren, Familienrechtsangelegenheiten<\/p>\n<\/div>\n<\/div>\n<\/div>\n<\/div>\n<\/div><\/div><footer class=\"entry-footer\"><\/footer><\/article><div class=\"iconlist-timeline\"><\/div><\/li>\n<li><div class='iconlist_icon av-av_iconlist_item-d98e55dc6fa8327fcdcc9a55395a95b9 avia-font-entypo-fontello avia-iconfont avia-font-entypo-fontello'><span class='av-icon-char' data-av_icon='\ue828' data-av_iconfont='entypo-fontello' aria-hidden=\"true\"><\/span><\/div><article class=\"article-icon-entry \"  itemscope=\"itemscope\" itemtype=\"https:\/\/schema.org\/CreativeWork\" ><div class=\"iconlist_content_wrap\"><header class=\"entry-content-header\" aria-label=\"Icon: Erbrecht &amp; Verm\u00f6gensnachfolge\"><h4 class='av_iconlist_title iconlist_title  '  itemprop=\"headline\" >Erbrecht &amp; Verm\u00f6gensnachfolge<\/h4><\/header><div class='iconlist_content '  itemprop=\"text\" ><div class=\"page\" title=\"Page 1\">\n<div class=\"section\">\n<div class=\"layoutArea\">\n<div class=\"column\">\n<p>Testamentserrichtung, Planung von Vermo\u0308gensu\u0308bertragungen, Ta\u0308tigkeit als Erbenmachthaber, Durchsetzung von erbrechtlichen und Pflichtteilsanspru\u0308chen<\/p>\n<\/div>\n<\/div>\n<\/div>\n<\/div>\n<\/div><\/div><footer class=\"entry-footer\"><\/footer><\/article><div class=\"iconlist-timeline\"><\/div><\/li>\n<li><div class='iconlist_icon av-av_iconlist_item-a346870da243f6e983e93e497f851aff avia-font-entypo-fontello avia-iconfont avia-font-entypo-fontello'><span class='av-icon-char' data-av_icon='\ue860' data-av_iconfont='entypo-fontello' aria-hidden=\"true\"><\/span><\/div><article class=\"article-icon-entry \"  itemscope=\"itemscope\" itemtype=\"https:\/\/schema.org\/CreativeWork\" ><div class=\"iconlist_content_wrap\"><header class=\"entry-content-header\" aria-label=\"Icon: Verkehrsrecht \/ O\u0308AMTC Vertrauensanwa\u0308lte\"><h4 class='av_iconlist_title iconlist_title  '  itemprop=\"headline\" >Verkehrsrecht \/ O\u0308AMTC Vertrauensanwa\u0308lte<\/h4><\/header><div class='iconlist_content '  itemprop=\"text\" ><div class=\"page\" title=\"Page 1\">\n<div class=\"section\">\n<div class=\"layoutArea\">\n<div class=\"column\">\n<p>Au\u00dfergerichtliche und gerichtliche Durchsetzung von Anspru\u0308chen aus Verkehrsunf\u00e4llen, Begleitung vor Verwaltungsbeh\u00f6rden zu verkehrsrechtlichen Angelegenheiten (zB.: F\u00fchrerschein).<br \/>\nWir sind O\u0308AMTC Vertrauensanwa\u0308lte.<\/p>\n<\/div>\n<\/div>\n<\/div>\n<\/div>\n<\/div><\/div><footer class=\"entry-footer\"><\/footer><\/article><div class=\"iconlist-timeline\"><\/div><\/li>\n<li><div class='iconlist_icon av-av_iconlist_item-7fb08970548478b77b14841c093ee3f3 avia-font-entypo-fontello avia-iconfont avia-font-entypo-fontello'><span class='av-icon-char' data-av_icon='\ue821' data-av_iconfont='entypo-fontello' aria-hidden=\"true\"><\/span><\/div><article class=\"article-icon-entry \"  itemscope=\"itemscope\" itemtype=\"https:\/\/schema.org\/CreativeWork\" ><div class=\"iconlist_content_wrap\"><header class=\"entry-content-header\" aria-label=\"Icon: Immobilienrecht \"><h4 class='av_iconlist_title iconlist_title  '  itemprop=\"headline\" >Immobilienrecht <\/h4><\/header><div class='iconlist_content '  itemprop=\"text\" ><div class=\"page\" title=\"Page 1\">\n<div class=\"section\">\n<div class=\"layoutArea\">\n<div class=\"column\">\n<p>Mietvertra\u0308ge, Aufku\u0308ndigungen, Ra\u0308umungsverfahren, Planung und Abwicklungen von Immobilienprojekten, BTVG, Kaufvertra\u0308ge, U\u0308bergabevertra\u0308ge, Vermo\u0308gensu\u0308bertragungen, Wohnungseigentum<\/p>\n<\/div>\n<\/div>\n<\/div>\n<\/div>\n<\/div><\/div><footer class=\"entry-footer\"><\/footer><\/article><div class=\"iconlist-timeline\"><\/div><\/li>\n<li><div class='iconlist_icon av-av_iconlist_item-d4b80c137c9c4ad93026812bd4cc7684 avia-font-entypo-fontello avia-iconfont avia-font-entypo-fontello'><span class='av-icon-char' data-av_icon='\ue825' data-av_iconfont='entypo-fontello' aria-hidden=\"true\"><\/span><\/div><article class=\"article-icon-entry \"  itemscope=\"itemscope\" itemtype=\"https:\/\/schema.org\/CreativeWork\" ><div class=\"iconlist_content_wrap\"><header class=\"entry-content-header\" aria-label=\"Icon: Wirtschafts- und Finanzstrafrecht\"><h4 class='av_iconlist_title iconlist_title  '  itemprop=\"headline\" >Wirtschafts- und Finanzstrafrecht<\/h4><\/header><div class='iconlist_content '  itemprop=\"text\" ><div class=\"page\" title=\"Page 1\">\n<div class=\"section\">\n<div class=\"layoutArea\">\n<div class=\"column\">\n<p>Vertretung in Strafverfahren, Vertretung von Opfern und Geltendmachung der Anspru\u0308che, Vertretung von Unternehmen in Wirtschafts- und Finanzstrafverfahren<\/p>\n<\/div>\n<\/div>\n<\/div>\n<\/div>\n<\/div><\/div><footer class=\"entry-footer\"><\/footer><\/article><div class=\"iconlist-timeline\"><\/div><\/li>\n<li><div class='iconlist_icon av-av_iconlist_item-f51ef098e1b03a56e1d0985192be93f4 avia-font-entypo-fontello avia-iconfont avia-font-entypo-fontello'><span class='av-icon-char' data-av_icon='\ue826' data-av_iconfont='entypo-fontello' aria-hidden=\"true\"><\/span><\/div><article class=\"article-icon-entry \"  itemscope=\"itemscope\" itemtype=\"https:\/\/schema.org\/CreativeWork\" ><div class=\"iconlist_content_wrap\"><header class=\"entry-content-header\" aria-label=\"Icon: Datenschutzrecht\"><h4 class='av_iconlist_title iconlist_title  '  itemprop=\"headline\" >Datenschutzrecht<\/h4><\/header><div class='iconlist_content '  itemprop=\"text\" ><p>Begleitung und Beratung bei datenschutzrechtlichen Fragestellungen, insbesondere\u00a0zu Datenschutzgrundverordnung &amp; Datenschutzgesetz<\/p>\n<\/div><\/div><footer class=\"entry-footer\"><\/footer><\/article><div class=\"iconlist-timeline\"><\/div><\/li>\n<li><div class='iconlist_icon av-av_iconlist_item-a658d8d532bc59b0da231f1dcba5bf8b avia-font-entypo-fontello avia-iconfont avia-font-entypo-fontello'><span class='av-icon-char' data-av_icon='\ue8da' data-av_iconfont='entypo-fontello' aria-hidden=\"true\"><\/span><\/div><article class=\"article-icon-entry \"  itemscope=\"itemscope\" itemtype=\"https:\/\/schema.org\/CreativeWork\" ><div class=\"iconlist_content_wrap\"><header class=\"entry-content-header\" aria-label=\"Icon: Vorsorge\"><h4 class='av_iconlist_title iconlist_title  '  itemprop=\"headline\" >Vorsorge<\/h4><\/header><div class='iconlist_content '  itemprop=\"text\" ><p>Erstellung von Vorsorgevollmachten sowie Patientenverf\u00fcgungen, Beauftragung als<br \/>\ngew\u00e4hlten Erwachsenenvertreter, Erstellung\/\u00dcbernahme von Erwachsenenvertretungen<\/p>\n<\/div><\/div><footer class=\"entry-footer\"><\/footer><\/article><div class=\"iconlist-timeline\"><\/div><\/li>\n<\/ul><\/div><\/div><\/p>\n","protected":false},"excerpt":{"rendered":"","protected":false},"author":1,"featured_media":0,"parent":0,"menu_order":0,"comment_status":"closed","ping_status":"closed","template":"","meta":{"_monsterinsights_skip_tracking":false,"_monsterinsights_sitenote_active":false,"_monsterinsights_sitenote_note":"","_monsterinsights_sitenote_category":0,"footnotes":""},"class_list":["post-40","page","type-page","status-publish","hentry"],"aioseo_notices":[],"_links":{"self":[{"href":"https:\/\/www.lexlet.at\/index.php\/wp-json\/wp\/v2\/pages\/40","targetHints":{"allow":["GET"]}}],"collection":[{"href":"https:\/\/www.lexlet.at\/index.php\/wp-json\/wp\/v2\/pages"}],"about":[{"href":"https:\/\/www.lexlet.at\/index.php\/wp-json\/wp\/v2\/types\/page"}],"author":[{"embeddable":true,"href":"https:\/\/www.lexlet.at\/index.php\/wp-json\/wp\/v2\/users\/1"}],"replies":[{"embeddable":true,"href":"https:\/\/www.lexlet.at\/index.php\/wp-json\/wp\/v2\/comments?post=40"}],"version-history":[{"count":23,"href":"https:\/\/www.lexlet.at\/index.php\/wp-json\/wp\/v2\/pages\/40\/revisions"}],"predecessor-version":[{"id":1243,"href":"https:\/\/www.lexlet.at\/index.php\/wp-json\/wp\/v2\/pages\/40\/revisions\/1243"}],"wp:attachment":[{"href":"https:\/\/www.lexlet.at\/index.php\/wp-json\/wp\/v2\/media?parent=40"}],"curies":[{"name":"wp","href":"https:\/\/api.w.org\/{rel}","templated":true}]}}