{"id":44,"date":"2017-01-28T20:06:47","date_gmt":"2017-01-28T19:06:47","guid":{"rendered":"http:\/\/wp.lexlet.at\/wp\/?page_id=44"},"modified":"2022-05-11T10:01:03","modified_gmt":"2022-05-11T08:01:03","slug":"pro-bono","status":"publish","type":"page","link":"https:\/\/www.lexlet.at\/index.php\/pro-bono\/","title":{"rendered":"Pro Bono"},"content":{"rendered":"<div  class='hr av-av_hr-dcd2069817a0e3d34ae04cad8f3443c7 hr-default  avia-builder-el-0  el_before_av_one_full  avia-builder-el-first '><span class='hr-inner '><span class=\"hr-inner-style\"><\/span><\/span><\/div>\n\n<style type=\"text\/css\" data-created_by=\"avia_inline_auto\" id=\"style-css-av-av_one_full-6126cab7d8fab8d08143dd2dacdf673c\">\n.flex_column.av-av_one_full-6126cab7d8fab8d08143dd2dacdf673c{\nborder-radius:0px 0px 0px 0px;\npadding:0px 0px 0px 0px;\n}\n<\/style>\n<div  class='flex_column av-av_one_full-6126cab7d8fab8d08143dd2dacdf673c av_one_full  avia-builder-el-1  el_after_av_hr  el_before_av_hr  first flex_column_div av-zero-column-padding  '     ><p>\n<style type=\"text\/css\" data-created_by=\"avia_inline_auto\" id=\"style-css-av-av_image-ab8025f3ee93a0422bc574c0999d7623\">\n.avia-image-container.av-av_image-ab8025f3ee93a0422bc574c0999d7623 img.avia_image{\nbox-shadow:none;\n}\n.avia-image-container.av-av_image-ab8025f3ee93a0422bc574c0999d7623 .av-image-caption-overlay-center{\ncolor:#ffffff;\n}\n<\/style>\n<div  class='avia-image-container av-av_image-ab8025f3ee93a0422bc574c0999d7623 av-styling- avia-align-center  avia-builder-el-2  el_before_av_textblock  avia-builder-el-first '   itemprop=\"image\" itemscope=\"itemscope\" itemtype=\"https:\/\/schema.org\/ImageObject\" ><div class=\"avia-image-container-inner\"><div class=\"avia-image-overlay-wrap\"><img decoding=\"async\" fetchpriority=\"high\" class='wp-image-274 avia-img-lazy-loading-not-274 avia_image ' src=\"https:\/\/wp2.lexlet.at\/wp-content\/uploads\/2018\/03\/KHP_LE_thebosses-2-300x169.jpg\" alt='' title='KHP_L&amp;E_thebosses-2'  height=\"169\" width=\"300\"  itemprop=\"thumbnailUrl\" srcset=\"https:\/\/wp2.lexlet.at\/wp-content\/uploads\/2018\/03\/KHP_LE_thebosses-2-300x169.jpg 300w, https:\/\/wp2.lexlet.at\/wp-content\/uploads\/2018\/03\/KHP_LE_thebosses-2-768x432.jpg 768w, https:\/\/wp2.lexlet.at\/wp-content\/uploads\/2018\/03\/KHP_LE_thebosses-2-1030x579.jpg 1030w, https:\/\/wp2.lexlet.at\/wp-content\/uploads\/2018\/03\/KHP_LE_thebosses-2-705x397.jpg 705w, https:\/\/wp2.lexlet.at\/wp-content\/uploads\/2018\/03\/KHP_LE_thebosses-2-450x253.jpg 450w, https:\/\/wp2.lexlet.at\/wp-content\/uploads\/2018\/03\/KHP_LE_thebosses-2.jpg 1472w\" sizes=\"(max-width: 300px) 100vw, 300px\" \/><\/div><\/div><\/div><br \/>\n<section  class='av_textblock_section av-av_textblock-0366cc7376be6c9e82a3e9cc8987b64f '   itemscope=\"itemscope\" itemtype=\"https:\/\/schema.org\/CreativeWork\" ><div class='avia_textblock'  itemprop=\"text\" ><p>Als seit vielen Jahren erfolgreiche Anw\u00e4lte \u00fcbernehmen wir auch gerne die Verpflichtung zu sozialem und kulturellem Engagement.<br \/>\nUnser Erfolg gr\u00fcndet auf der Qualit\u00e4t unserer Arbeit f\u00fcr unsere Mandanten, die wir seit vielen Jahren begleiten und die uns weiterempfehlen.<br \/>\nDieser Erfolg verpflichtet uns auch zum sozialen und kulturellem Engagement. Aber auch die Mitarbeiter unserer Kanzlei leisten in ihrem Umfeld nach ihren individuellen F\u00e4higkeiten ihren wichtigen Beitrag f\u00fcr die Gemeinschaft.<\/p>\n<p>Wir unterst\u00fctzen insbesondere:<\/p>\n<p>&#8211;\u00a0\u00a0\u00a0\u00a0\u00a0\u00a0\u00a0 die Kindervilla Steinbach am Attersee &#8211; <a href=\"http:\/\/www.diekindervilla.at\/\" target=\"_blank\" rel=\"noopener\">diekindervilla.at<\/a><\/p>\n<p>&#8211;\u00a0\u00a0\u00a0\u00a0\u00a0\u00a0\u00a0 das Jugendzentrum NANG PU in Attnang-Puchheim &#8211; <a href=\"http:\/\/www.nang-pu.at\/\" target=\"_blank\" rel=\"noopener\">nang-pu.at<\/a><\/p>\n<p>&#8211;\u00a0\u00a0\u00a0\u00a0\u00a0\u00a0\u00a0 4840 Kulturakzente V\u00f6cklabruck &#8211; <a href=\"http:\/\/www.kupf.at\/mitglied\/4840-kulturakzente\" target=\"_blank\" rel=\"noopener\">kupf.at\/4840-kulturakzente<\/a><\/p>\n<p>&#8211;\u00a0\u00a0\u00a0\u00a0\u00a0\u00a0\u00a0 das Offene Kunst- und Kulturhaus \u2013 OKH \u2013 in der Hatschekstiftung V\u00f6cklabruck &#8211; <a href=\"http:\/\/okh.or.at\/\" target=\"_blank\" rel=\"noopener\">okh.or.at<\/a><\/p>\n<p>Wir sehen es gerne auch als Verpflichtung den in unserer Gesellschaft wichtigen sozialen Einrichtungen und deren Klienten durch unseren Rat und juristischem Beistand zur Seite zu stehen und unterst\u00fctzen damit insbesondere<\/p>\n<p>&#8211;\u00a0\u00a0\u00a0\u00a0\u00a0\u00a0\u00a0 BASECAMP V\u00f6cklabruck<\/p>\n<p>&#8211;\u00a0\u00a0\u00a0\u00a0\u00a0\u00a0\u00a0 IKARUS V\u00f6cklabruck<\/p>\n<\/div><\/section><\/p><\/div><div  class='hr av-av_hr-dcd2069817a0e3d34ae04cad8f3443c7 hr-default  avia-builder-el-4  el_after_av_one_full  avia-builder-el-last '><span class='hr-inner '><span class=\"hr-inner-style\"><\/span><\/span><\/div><\/p>\n","protected":false},"excerpt":{"rendered":"","protected":false},"author":1,"featured_media":0,"parent":0,"menu_order":0,"comment_status":"closed","ping_status":"closed","template":"","meta":{"_monsterinsights_skip_tracking":false,"_monsterinsights_sitenote_active":false,"_monsterinsights_sitenote_note":"","_monsterinsights_sitenote_category":0,"footnotes":""},"class_list":["post-44","page","type-page","status-publish","hentry"],"aioseo_notices":[],"_links":{"self":[{"href":"https:\/\/www.lexlet.at\/index.php\/wp-json\/wp\/v2\/pages\/44","targetHints":{"allow":["GET"]}}],"collection":[{"href":"https:\/\/www.lexlet.at\/index.php\/wp-json\/wp\/v2\/pages"}],"about":[{"href":"https:\/\/www.lexlet.at\/index.php\/wp-json\/wp\/v2\/types\/page"}],"author":[{"embeddable":true,"href":"https:\/\/www.lexlet.at\/index.php\/wp-json\/wp\/v2\/users\/1"}],"replies":[{"embeddable":true,"href":"https:\/\/www.lexlet.at\/index.php\/wp-json\/wp\/v2\/comments?post=44"}],"version-history":[{"count":9,"href":"https:\/\/www.lexlet.at\/index.php\/wp-json\/wp\/v2\/pages\/44\/revisions"}],"predecessor-version":[{"id":1094,"href":"https:\/\/www.lexlet.at\/index.php\/wp-json\/wp\/v2\/pages\/44\/revisions\/1094"}],"wp:attachment":[{"href":"https:\/\/www.lexlet.at\/index.php\/wp-json\/wp\/v2\/media?parent=44"}],"curies":[{"name":"wp","href":"https:\/\/api.w.org\/{rel}","templated":true}]}}