{"id":59,"date":"2017-01-29T01:16:41","date_gmt":"2017-01-29T00:16:41","guid":{"rendered":"http:\/\/wp.lexlet.at\/wp\/?page_id=59"},"modified":"2023-05-25T16:12:53","modified_gmt":"2023-05-25T14:12:53","slug":"willkommen","status":"publish","type":"page","link":"https:\/\/www.lexlet.at\/","title":{"rendered":"Willkommen"},"content":{"rendered":"<div id='full_slider_1'  class='avia-fullwidth-slider main_color avia-shadow   avia-builder-el-0  el_before_av_two_third  avia-builder-el-first   container_wrap fullsize'  ><div  class='avia-slideshow av-caq33-41f1fc252ba317c1ee5fa9e39fff46e9 avia-slideshow-featured_large av_slideshow_full avia-fade-slider av-slideshow-ui av-control-default av-slideshow-autoplay av-loop-endless av-loop-manual-endless av-default-height-applied   avia-slideshow-1' data-slideshow-options=\"{&quot;animation&quot;:&quot;fade&quot;,&quot;autoplay&quot;:true,&quot;loop_autoplay&quot;:&quot;endless&quot;,&quot;interval&quot;:4,&quot;loop_manual&quot;:&quot;manual-endless&quot;,&quot;autoplay_stopper&quot;:false,&quot;noNavigation&quot;:false,&quot;bg_slider&quot;:false,&quot;keep_padding&quot;:false,&quot;hoverpause&quot;:false,&quot;show_slide_delay&quot;:0}\"  itemprop=\"image\" itemscope=\"itemscope\" itemtype=\"https:\/\/schema.org\/ImageObject\" ><ul class='avia-slideshow-inner ' style='padding-bottom: 42%;'><li  class='avia-slideshow-slide av-caq33-41f1fc252ba317c1ee5fa9e39fff46e9__0  slide-1 slide-odd'><div data-rel='slideshow-1' class='avia-slide-wrap '   ><img decoding=\"async\" fetchpriority=\"high\" class=\"wp-image-1201 avia-img-lazy-loading-not-1201\"  src=\"https:\/\/wp2.lexlet.at\/wp-content\/uploads\/2023\/03\/KHP_Landl_Edelmann-3_klein_for_slider_final-1500x630.jpg\" width=\"1500\" height=\"630\" title='KHP_Landl_Edelmann-3_klein_for_slider_final' alt=''  itemprop=\"thumbnailUrl\" srcset=\"https:\/\/wp2.lexlet.at\/wp-content\/uploads\/2023\/03\/KHP_Landl_Edelmann-3_klein_for_slider_final.jpg 1500w, https:\/\/wp2.lexlet.at\/wp-content\/uploads\/2023\/03\/KHP_Landl_Edelmann-3_klein_for_slider_final-300x126.jpg 300w, https:\/\/wp2.lexlet.at\/wp-content\/uploads\/2023\/03\/KHP_Landl_Edelmann-3_klein_for_slider_final-1030x433.jpg 1030w, https:\/\/wp2.lexlet.at\/wp-content\/uploads\/2023\/03\/KHP_Landl_Edelmann-3_klein_for_slider_final-768x323.jpg 768w, https:\/\/wp2.lexlet.at\/wp-content\/uploads\/2023\/03\/KHP_Landl_Edelmann-3_klein_for_slider_final-705x296.jpg 705w\" sizes=\"(max-width: 1500px) 100vw, 1500px\" \/><\/div><\/li><li  class='avia-slideshow-slide av-caq33-41f1fc252ba317c1ee5fa9e39fff46e9__1  slide-2 slide-even'><div data-rel='slideshow-1' class='avia-slide-wrap '   ><img decoding=\"async\" fetchpriority=\"high\" class=\"wp-image-857 avia-img-lazy-loading-not-857\"  src=\"https:\/\/wp2.lexlet.at\/wp-content\/uploads\/2020\/03\/25jahre_landl_edelmann_slider_final-1500x630.jpg\" width=\"1500\" height=\"630\" title='25jahre_landl_edelmann_slider_final' alt=''  itemprop=\"thumbnailUrl\" srcset=\"https:\/\/wp2.lexlet.at\/wp-content\/uploads\/2020\/03\/25jahre_landl_edelmann_slider_final.jpg 1500w, https:\/\/wp2.lexlet.at\/wp-content\/uploads\/2020\/03\/25jahre_landl_edelmann_slider_final-300x126.jpg 300w, https:\/\/wp2.lexlet.at\/wp-content\/uploads\/2020\/03\/25jahre_landl_edelmann_slider_final-1030x433.jpg 1030w, https:\/\/wp2.lexlet.at\/wp-content\/uploads\/2020\/03\/25jahre_landl_edelmann_slider_final-768x323.jpg 768w, https:\/\/wp2.lexlet.at\/wp-content\/uploads\/2020\/03\/25jahre_landl_edelmann_slider_final-705x296.jpg 705w, https:\/\/wp2.lexlet.at\/wp-content\/uploads\/2020\/03\/25jahre_landl_edelmann_slider_final-450x189.jpg 450w\" sizes=\"(max-width: 1500px) 100vw, 1500px\" \/><\/div><\/li><li  class='avia-slideshow-slide av-caq33-41f1fc252ba317c1ee5fa9e39fff46e9__2  slide-3 slide-odd'><div data-rel='slideshow-1' class='avia-slide-wrap '   ><img decoding=\"async\" fetchpriority=\"high\" class=\"wp-image-1200 avia-img-lazy-loading-not-1200\"  src=\"https:\/\/wp2.lexlet.at\/wp-content\/uploads\/2023\/03\/KHP_Landl_Edelmann-2_klein_for_slider_final-1500x630.jpg\" width=\"1500\" height=\"630\" title='KHP_Landl_Edelmann-2_klein_for_slider_final' alt=''  itemprop=\"thumbnailUrl\" srcset=\"https:\/\/wp2.lexlet.at\/wp-content\/uploads\/2023\/03\/KHP_Landl_Edelmann-2_klein_for_slider_final.jpg 1500w, https:\/\/wp2.lexlet.at\/wp-content\/uploads\/2023\/03\/KHP_Landl_Edelmann-2_klein_for_slider_final-300x126.jpg 300w, https:\/\/wp2.lexlet.at\/wp-content\/uploads\/2023\/03\/KHP_Landl_Edelmann-2_klein_for_slider_final-1030x433.jpg 1030w, https:\/\/wp2.lexlet.at\/wp-content\/uploads\/2023\/03\/KHP_Landl_Edelmann-2_klein_for_slider_final-768x323.jpg 768w, https:\/\/wp2.lexlet.at\/wp-content\/uploads\/2023\/03\/KHP_Landl_Edelmann-2_klein_for_slider_final-705x296.jpg 705w\" sizes=\"(max-width: 1500px) 100vw, 1500px\" \/><\/div><\/li><li  class='avia-slideshow-slide av-caq33-41f1fc252ba317c1ee5fa9e39fff46e9__3  slide-4 slide-even'><div data-rel='slideshow-1' class='avia-slide-wrap '   ><img decoding=\"async\" fetchpriority=\"high\" class=\"wp-image-720 avia-img-lazy-loading-not-720\"  src=\"https:\/\/wp2.lexlet.at\/wp-content\/uploads\/2020\/02\/KHP_LE_atwork_office-10_slider_final-1500x630.jpg\" width=\"1500\" height=\"630\" title='KHP_L&amp;E_atwork_office-10_slider_final' alt=''  itemprop=\"thumbnailUrl\" srcset=\"https:\/\/wp2.lexlet.at\/wp-content\/uploads\/2020\/02\/KHP_LE_atwork_office-10_slider_final.jpg 1500w, https:\/\/wp2.lexlet.at\/wp-content\/uploads\/2020\/02\/KHP_LE_atwork_office-10_slider_final-300x126.jpg 300w, https:\/\/wp2.lexlet.at\/wp-content\/uploads\/2020\/02\/KHP_LE_atwork_office-10_slider_final-1030x433.jpg 1030w, https:\/\/wp2.lexlet.at\/wp-content\/uploads\/2020\/02\/KHP_LE_atwork_office-10_slider_final-768x323.jpg 768w, https:\/\/wp2.lexlet.at\/wp-content\/uploads\/2020\/02\/KHP_LE_atwork_office-10_slider_final-705x296.jpg 705w, https:\/\/wp2.lexlet.at\/wp-content\/uploads\/2020\/02\/KHP_LE_atwork_office-10_slider_final-450x189.jpg 450w\" sizes=\"(max-width: 1500px) 100vw, 1500px\" \/><\/div><\/li><li  class='avia-slideshow-slide av-caq33-41f1fc252ba317c1ee5fa9e39fff46e9__4  slide-5 slide-odd'><div data-rel='slideshow-1' class='avia-slide-wrap '   ><img decoding=\"async\" fetchpriority=\"high\" class=\"wp-image-1202 avia-img-lazy-loading-not-1202\"  src=\"https:\/\/wp2.lexlet.at\/wp-content\/uploads\/2023\/03\/KHP_Landl_Edelmann-8_klein_for_slider_final-1500x630.jpg\" width=\"1500\" height=\"630\" title='KHP_Landl_Edelmann-8_klein_for_slider_final' alt=''  itemprop=\"thumbnailUrl\" srcset=\"https:\/\/wp2.lexlet.at\/wp-content\/uploads\/2023\/03\/KHP_Landl_Edelmann-8_klein_for_slider_final.jpg 1500w, https:\/\/wp2.lexlet.at\/wp-content\/uploads\/2023\/03\/KHP_Landl_Edelmann-8_klein_for_slider_final-300x126.jpg 300w, https:\/\/wp2.lexlet.at\/wp-content\/uploads\/2023\/03\/KHP_Landl_Edelmann-8_klein_for_slider_final-1030x433.jpg 1030w, https:\/\/wp2.lexlet.at\/wp-content\/uploads\/2023\/03\/KHP_Landl_Edelmann-8_klein_for_slider_final-768x323.jpg 768w, https:\/\/wp2.lexlet.at\/wp-content\/uploads\/2023\/03\/KHP_Landl_Edelmann-8_klein_for_slider_final-705x296.jpg 705w\" sizes=\"(max-width: 1500px) 100vw, 1500px\" \/><\/div><\/li><li  class='avia-slideshow-slide av-caq33-41f1fc252ba317c1ee5fa9e39fff46e9__5  slide-6 slide-even'><div data-rel='slideshow-1' class='avia-slide-wrap '   ><img decoding=\"async\" fetchpriority=\"high\" class=\"wp-image-1204 avia-img-lazy-loading-not-1204\"  src=\"https:\/\/wp2.lexlet.at\/wp-content\/uploads\/2023\/03\/KHP_Landl_Edelmann-12_klein_for_slider_final-1500x630.jpg\" width=\"1500\" height=\"630\" title='KHP_Landl_Edelmann-12_klein_for_slider_final' alt=''  itemprop=\"thumbnailUrl\" srcset=\"https:\/\/wp2.lexlet.at\/wp-content\/uploads\/2023\/03\/KHP_Landl_Edelmann-12_klein_for_slider_final.jpg 1500w, https:\/\/wp2.lexlet.at\/wp-content\/uploads\/2023\/03\/KHP_Landl_Edelmann-12_klein_for_slider_final-300x126.jpg 300w, https:\/\/wp2.lexlet.at\/wp-content\/uploads\/2023\/03\/KHP_Landl_Edelmann-12_klein_for_slider_final-1030x433.jpg 1030w, https:\/\/wp2.lexlet.at\/wp-content\/uploads\/2023\/03\/KHP_Landl_Edelmann-12_klein_for_slider_final-768x323.jpg 768w, https:\/\/wp2.lexlet.at\/wp-content\/uploads\/2023\/03\/KHP_Landl_Edelmann-12_klein_for_slider_final-705x296.jpg 705w\" sizes=\"(max-width: 1500px) 100vw, 1500px\" \/><\/div><\/li><li  class='avia-slideshow-slide av-caq33-41f1fc252ba317c1ee5fa9e39fff46e9__6  slide-7 slide-odd'><div data-rel='slideshow-1' class='avia-slide-wrap '   ><img decoding=\"async\" fetchpriority=\"high\" class=\"wp-image-736 avia-img-lazy-loading-not-736\"  src=\"https:\/\/wp2.lexlet.at\/wp-content\/uploads\/2020\/02\/KHP_LE_officevo\u0308cklabruck-18_slider_final-1500x630.jpg\" width=\"1500\" height=\"630\" title='KHP_L&amp;E_officevo\u0308cklabruck-18_slider_final' alt=''  itemprop=\"thumbnailUrl\" srcset=\"https:\/\/wp2.lexlet.at\/wp-content\/uploads\/2020\/02\/KHP_LE_officevo\u0308cklabruck-18_slider_final.jpg 1500w, https:\/\/wp2.lexlet.at\/wp-content\/uploads\/2020\/02\/KHP_LE_officevo\u0308cklabruck-18_slider_final-300x126.jpg 300w, https:\/\/wp2.lexlet.at\/wp-content\/uploads\/2020\/02\/KHP_LE_officevo\u0308cklabruck-18_slider_final-1030x433.jpg 1030w, https:\/\/wp2.lexlet.at\/wp-content\/uploads\/2020\/02\/KHP_LE_officevo\u0308cklabruck-18_slider_final-768x323.jpg 768w, https:\/\/wp2.lexlet.at\/wp-content\/uploads\/2020\/02\/KHP_LE_officevo\u0308cklabruck-18_slider_final-705x296.jpg 705w, https:\/\/wp2.lexlet.at\/wp-content\/uploads\/2020\/02\/KHP_LE_officevo\u0308cklabruck-18_slider_final-450x189.jpg 450w\" sizes=\"(max-width: 1500px) 100vw, 1500px\" \/><\/div><\/li><li  class='avia-slideshow-slide av-caq33-41f1fc252ba317c1ee5fa9e39fff46e9__7  slide-8 slide-even'><div data-rel='slideshow-1' class='avia-slide-wrap '   ><img decoding=\"async\" fetchpriority=\"high\" class=\"wp-image-733 avia-img-lazy-loading-not-733\"  src=\"https:\/\/wp2.lexlet.at\/wp-content\/uploads\/2020\/02\/KHP_LE_officevo\u0308cklabruck-15_slider_final-1500x630.jpg\" width=\"1500\" height=\"630\" title='KHP_L&amp;E_officevo\u0308cklabruck-15_slider_final' alt=''  itemprop=\"thumbnailUrl\" srcset=\"https:\/\/wp2.lexlet.at\/wp-content\/uploads\/2020\/02\/KHP_LE_officevo\u0308cklabruck-15_slider_final.jpg 1500w, https:\/\/wp2.lexlet.at\/wp-content\/uploads\/2020\/02\/KHP_LE_officevo\u0308cklabruck-15_slider_final-300x126.jpg 300w, https:\/\/wp2.lexlet.at\/wp-content\/uploads\/2020\/02\/KHP_LE_officevo\u0308cklabruck-15_slider_final-1030x433.jpg 1030w, https:\/\/wp2.lexlet.at\/wp-content\/uploads\/2020\/02\/KHP_LE_officevo\u0308cklabruck-15_slider_final-768x323.jpg 768w, https:\/\/wp2.lexlet.at\/wp-content\/uploads\/2020\/02\/KHP_LE_officevo\u0308cklabruck-15_slider_final-705x296.jpg 705w, https:\/\/wp2.lexlet.at\/wp-content\/uploads\/2020\/02\/KHP_LE_officevo\u0308cklabruck-15_slider_final-450x189.jpg 450w\" sizes=\"(max-width: 1500px) 100vw, 1500px\" \/><\/div><\/li><li  class='avia-slideshow-slide av-caq33-41f1fc252ba317c1ee5fa9e39fff46e9__8  slide-9 slide-odd'><div data-rel='slideshow-1' class='avia-slide-wrap '   ><img decoding=\"async\" fetchpriority=\"high\" class=\"wp-image-737 avia-img-lazy-loading-not-737\"  src=\"https:\/\/wp2.lexlet.at\/wp-content\/uploads\/2020\/02\/KHP_LE_officevo\u0308cklabruck-23_slider_final-1500x630.jpg\" width=\"1500\" height=\"630\" title='KHP_L&amp;E_officevo\u0308cklabruck-23_slider_final' alt=''  itemprop=\"thumbnailUrl\" srcset=\"https:\/\/wp2.lexlet.at\/wp-content\/uploads\/2020\/02\/KHP_LE_officevo\u0308cklabruck-23_slider_final.jpg 1500w, https:\/\/wp2.lexlet.at\/wp-content\/uploads\/2020\/02\/KHP_LE_officevo\u0308cklabruck-23_slider_final-300x126.jpg 300w, https:\/\/wp2.lexlet.at\/wp-content\/uploads\/2020\/02\/KHP_LE_officevo\u0308cklabruck-23_slider_final-1030x433.jpg 1030w, https:\/\/wp2.lexlet.at\/wp-content\/uploads\/2020\/02\/KHP_LE_officevo\u0308cklabruck-23_slider_final-768x323.jpg 768w, https:\/\/wp2.lexlet.at\/wp-content\/uploads\/2020\/02\/KHP_LE_officevo\u0308cklabruck-23_slider_final-705x296.jpg 705w, https:\/\/wp2.lexlet.at\/wp-content\/uploads\/2020\/02\/KHP_LE_officevo\u0308cklabruck-23_slider_final-450x189.jpg 450w\" sizes=\"(max-width: 1500px) 100vw, 1500px\" \/><\/div><\/li><li  class='avia-slideshow-slide av-caq33-41f1fc252ba317c1ee5fa9e39fff46e9__9  slide-10 slide-even'><div data-rel='slideshow-1' class='avia-slide-wrap '   ><img decoding=\"async\" fetchpriority=\"high\" class=\"wp-image-735 avia-img-lazy-loading-not-735\"  src=\"https:\/\/wp2.lexlet.at\/wp-content\/uploads\/2020\/02\/KHP_LE_officevo\u0308cklabruck-17_final_slider-1500x630.jpg\" width=\"1500\" height=\"630\" title='KHP_L&amp;E_officevo\u0308cklabruck-17_final_slider' alt=''  itemprop=\"thumbnailUrl\" srcset=\"https:\/\/wp2.lexlet.at\/wp-content\/uploads\/2020\/02\/KHP_LE_officevo\u0308cklabruck-17_final_slider.jpg 1500w, https:\/\/wp2.lexlet.at\/wp-content\/uploads\/2020\/02\/KHP_LE_officevo\u0308cklabruck-17_final_slider-300x126.jpg 300w, https:\/\/wp2.lexlet.at\/wp-content\/uploads\/2020\/02\/KHP_LE_officevo\u0308cklabruck-17_final_slider-1030x433.jpg 1030w, https:\/\/wp2.lexlet.at\/wp-content\/uploads\/2020\/02\/KHP_LE_officevo\u0308cklabruck-17_final_slider-768x323.jpg 768w, https:\/\/wp2.lexlet.at\/wp-content\/uploads\/2020\/02\/KHP_LE_officevo\u0308cklabruck-17_final_slider-705x296.jpg 705w, https:\/\/wp2.lexlet.at\/wp-content\/uploads\/2020\/02\/KHP_LE_officevo\u0308cklabruck-17_final_slider-450x189.jpg 450w\" sizes=\"(max-width: 1500px) 100vw, 1500px\" \/><\/div><\/li><\/ul><div class='avia-slideshow-arrows avia-slideshow-controls' ><a href='#prev' class='prev-slide  avia-svg-icon avia-font-svg_entypo-fontello' data-av_svg_icon='left-open-big' data-av_iconset='svg_entypo-fontello' tabindex='-1' title=\"Zur\u00fcck\"><svg version=\"1.1\" xmlns=\"http:\/\/www.w3.org\/2000\/svg\" width=\"15\" height=\"32\" viewBox=\"0 0 15 32\" preserveAspectRatio=\"xMidYMid meet\" aria-labelledby='av-svg-title-1' aria-describedby='av-svg-desc-1' role=\"graphics-symbol\" aria-hidden=\"true\">\n<title id='av-svg-title-1'>Zur\u00fcck<\/title>\n<desc id='av-svg-desc-1'>Zur\u00fcck<\/desc>\n<path d=\"M14.464 27.84q0.832 0.832 0 1.536-0.832 0.832-1.536 0l-12.544-12.608q-0.768-0.768 0-1.6l12.544-12.608q0.704-0.832 1.536 0 0.832 0.704 0 1.536l-11.456 11.904z\"><\/path>\n<\/svg><span class='avia_hidden_link_text'>Zur\u00fcck<\/span><\/a><a href='#next' class='next-slide  avia-svg-icon avia-font-svg_entypo-fontello' data-av_svg_icon='right-open-big' data-av_iconset='svg_entypo-fontello' tabindex='-1' title=\"Weiter\"><svg version=\"1.1\" xmlns=\"http:\/\/www.w3.org\/2000\/svg\" width=\"15\" height=\"32\" viewBox=\"0 0 15 32\" preserveAspectRatio=\"xMidYMid meet\" aria-labelledby='av-svg-title-2' aria-describedby='av-svg-desc-2' role=\"graphics-symbol\" aria-hidden=\"true\">\n<title id='av-svg-title-2'>Weiter<\/title>\n<desc id='av-svg-desc-2'>Weiter<\/desc>\n<path d=\"M0.416 27.84l11.456-11.84-11.456-11.904q-0.832-0.832 0-1.536 0.832-0.832 1.536 0l12.544 12.608q0.768 0.832 0 1.6l-12.544 12.608q-0.704 0.832-1.536 0-0.832-0.704 0-1.536z\"><\/path>\n<\/svg><span class='avia_hidden_link_text'>Weiter<\/span><\/a><\/div><div class='avia-slideshow-dots avia-slideshow-controls'><a href='#1' class='goto-slide active' >1<\/a><a href='#2' class='goto-slide ' >2<\/a><a href='#3' class='goto-slide ' >3<\/a><a href='#4' class='goto-slide ' >4<\/a><a href='#5' class='goto-slide ' >5<\/a><a href='#6' class='goto-slide ' >6<\/a><a href='#7' class='goto-slide ' >7<\/a><a href='#8' class='goto-slide ' >8<\/a><a href='#9' class='goto-slide ' >9<\/a><a href='#10' class='goto-slide ' >10<\/a><\/div><\/div><\/div><div id='after_full_slider_1'  class='main_color av_default_container_wrap container_wrap fullsize'  ><div class='container av-section-cont-open' ><div class='template-page content  av-content-full alpha units'><div class='post-entry post-entry-type-page post-entry-59'><div class='entry-content-wrapper clearfix'>\n\n<style type=\"text\/css\" data-created_by=\"avia_inline_auto\" id=\"style-css-av-5hi8b-864cb738127834091fc482b1902e9046\">\n.flex_column.av-5hi8b-864cb738127834091fc482b1902e9046{\nborder-radius:0px 0px 0px 0px;\npadding:0px 0px 0px 0px;\n}\n<\/style>\n<div  class='flex_column av-5hi8b-864cb738127834091fc482b1902e9046 av_two_third  avia-builder-el-1  el_after_av_slideshow_full  el_before_av_one_third  avia-builder-el-first  first flex_column_div av-animated-generic fade-in av-zero-column-padding  '     ><section  class='av_textblock_section av-4tsan-1a4d5428559b4a7e7354ba2170fb9a95 '   itemscope=\"itemscope\" itemtype=\"https:\/\/schema.org\/CreativeWork\" ><div class='avia_textblock'  itemprop=\"text\" ><h4>Willkommen, Sie sind ZU RECHT BEI DEN RICHTIGEN PARTNERN!<\/h4>\n<\/div><\/section><\/div>\n\n<style type=\"text\/css\" data-created_by=\"avia_inline_auto\" id=\"style-css-av-499k7-469ec44483331c3d1d2dbbf127334542\">\n.flex_column.av-499k7-469ec44483331c3d1d2dbbf127334542{\nborder-radius:0px 0px 0px 0px;\npadding:0px 0px 0px 0px;\n}\n<\/style>\n<div  class='flex_column av-499k7-469ec44483331c3d1d2dbbf127334542 av_one_third  avia-builder-el-3  el_after_av_two_third  el_before_av_two_third  flex_column_div av-zero-column-padding  '     ><div id='avia-messagebox-' class='avia_message_box av_notification av-d59r-96f698c8c33a39f23adbb1368534298e avia-color-green avia-size-large avia-icon_select-no avia-border-dashed  avia-builder-el-4  avia-builder-el-no-sibling ' ><span class='avia_message_box_title' >Standortwechsel<\/span><div class=\"avia_message_box_content\"><p>Seit 30.5.22 hei\u00dfen wir Sie am neuen Standort in der Ferdinand \u00d6ttl-Stra\u00dfe 15 Willkommen!<\/p>\n<\/div><\/div><\/div>\n\n<style type=\"text\/css\" data-created_by=\"avia_inline_auto\" id=\"style-css-av-34plv-991ed81090559d96eb690cbab592271a\">\n.flex_column.av-34plv-991ed81090559d96eb690cbab592271a{\nborder-radius:0px 0px 0px 0px;\npadding:0px 0px 0px 0px;\n}\n<\/style>\n<div  class='flex_column av-34plv-991ed81090559d96eb690cbab592271a av_two_third  avia-builder-el-5  el_after_av_one_third  el_before_av_one_third  first flex_column_div av-animated-generic fade-in av-zero-column-padding  column-top-margin'     ><style type=\"text\/css\" data-created_by=\"avia_inline_auto\" id=\"style-css-av-2js23-395d534aa0d36d1e0e9ab98805dc67e8\">\n#top .av_textblock_section.av-2js23-395d534aa0d36d1e0e9ab98805dc67e8 .avia_textblock{\nfont-size:24px;\n}\n<\/style>\n<section  class='av_textblock_section av-2js23-395d534aa0d36d1e0e9ab98805dc67e8 '   itemscope=\"itemscope\" itemtype=\"https:\/\/schema.org\/CreativeWork\" ><div class='avia_textblock'  itemprop=\"text\" ><table border=\"0\" cellspacing=\"0\" cellpadding=\"10\" align=\"center\">\n<tbody>\n<tr>\n<td><strong>Unsere Firmenphilosophie<\/strong><\/p>\n<p align=\"justify\">Wir verstehen uns als Berater und Partner unserer Mandanten.<\/p>\n<p>Erfahrung, fachliche Kompetenz und Flexibilit\u00e4t sind die Grundlagen zur individuellen Beratung und zur L\u00f6sung der uns gestellten Aufgaben.<\/p>\n<p>Im Mittelpunkt unserer Aufgabe steht der Mandant, diesem sind wir verpflichtet. Wir verstehen die Anliegen unserer Mandanten und erarbeiten mit Wissen, Talent und Leidenschaft individuelle und kreative L\u00f6sungen. Aufgabenstellungen werden individuell betrachtet, neue Entwicklungen ber\u00fccksichtigt, kreative L\u00f6sungen gesucht und innovative Wege beschritten.<\/p>\n<p>Das Fundament der Qualit\u00e4t unserer Leistung sind fachlich kompetente und flexible Mitarbeiter, die im Team pers\u00f6nlich Ihre Anliegen betreuen. Die kanzleiinterne Spezialisierung unserer Juristen in verschiedensten Fachgebieten erm\u00f6glicht die rasche und fundierte Erledigung der anvertrauten Mandate auf h\u00f6chstem Niveau.<br \/>\nLaufende Fortbildungen und modernste technische Ausstattung sehen wir als selbstverst\u00e4ndlich zur Bew\u00e4ltigung unserer Arbeit.<\/p>\n<p>Bei unserer T\u00e4tigkeit st\u00fctzen wir uns auch auf ein Netzwerk verl\u00e4sslicher und kompetenter externer Partner im In- und Ausland, die uns bei unseren Aufgabenstellungen erg\u00e4nzen.<\/p>\n<p>Soziales und kulturelles Engagement sind f\u00fcr die LANDL + EDELMANN RECHTSANWALTS<strong>PARTNERSCHAFT<\/strong> ein selbstverst\u00e4ndliches Anliegen.<\/td>\n<\/tr>\n<\/tbody>\n<\/table>\n<\/div><\/section><\/div>\n\n<style type=\"text\/css\" data-created_by=\"avia_inline_auto\" id=\"style-css-av-1yxwj-56af44d7e1378f361f1c1876092ee5d8\">\n.flex_column.av-1yxwj-56af44d7e1378f361f1c1876092ee5d8{\nborder-radius:0px 0px 0px 0px;\npadding:0px 0px 0px 0px;\n}\n<\/style>\n<div  class='flex_column av-1yxwj-56af44d7e1378f361f1c1876092ee5d8 av_one_third  avia-builder-el-7  el_after_av_two_third  el_before_av_hr  flex_column_div av-animated-generic right-to-left av-zero-column-padding  column-top-margin'     ><style type=\"text\/css\" data-created_by=\"avia_inline_auto\" id=\"style-css-av-1hw3b-f38c33b83d693b84416d8f5fe44b1aaa\">\n.avia-image-container.av-1hw3b-f38c33b83d693b84416d8f5fe44b1aaa img.avia_image{\nbox-shadow:none;\n}\n.avia-image-container.av-1hw3b-f38c33b83d693b84416d8f5fe44b1aaa .av-image-caption-overlay-center{\ncolor:#ffffff;\n}\n<\/style>\n<div  class='avia-image-container av-1hw3b-f38c33b83d693b84416d8f5fe44b1aaa av-styling- avia-align-right  avia-builder-el-8  avia-builder-el-no-sibling '   itemprop=\"image\" itemscope=\"itemscope\" itemtype=\"https:\/\/schema.org\/ImageObject\" ><div class=\"avia-image-container-inner\"><div class=\"avia-image-overlay-wrap\"><img decoding=\"async\" fetchpriority=\"high\" class='wp-image-204 avia-img-lazy-loading-not-204 avia_image ' src=\"https:\/\/wp2.lexlet.at\/wp-content\/uploads\/2017\/02\/LANDL_RollUp_2013_cut_klein.png\" alt='' title='LANDL_RollUp_2013_cut_klein'  height=\"1000\" width=\"509\"  itemprop=\"thumbnailUrl\" srcset=\"https:\/\/wp2.lexlet.at\/wp-content\/uploads\/2017\/02\/LANDL_RollUp_2013_cut_klein.png 509w, https:\/\/wp2.lexlet.at\/wp-content\/uploads\/2017\/02\/LANDL_RollUp_2013_cut_klein-153x300.png 153w, https:\/\/wp2.lexlet.at\/wp-content\/uploads\/2017\/02\/LANDL_RollUp_2013_cut_klein-359x705.png 359w, https:\/\/wp2.lexlet.at\/wp-content\/uploads\/2017\/02\/LANDL_RollUp_2013_cut_klein-450x884.png 450w\" sizes=\"(max-width: 509px) 100vw, 509px\" \/><\/div><\/div><\/div><\/div>\n<div  class='hr av-w0cz-6d44f80e98656be766c073b15e1cd069 hr-default  avia-builder-el-9  el_after_av_one_third  avia-builder-el-last '><span class='hr-inner '><span class=\"hr-inner-style\"><\/span><\/span><\/div>\n","protected":false},"excerpt":{"rendered":"","protected":false},"author":1,"featured_media":0,"parent":0,"menu_order":0,"comment_status":"closed","ping_status":"closed","template":"","meta":{"_monsterinsights_skip_tracking":false,"_monsterinsights_sitenote_active":false,"_monsterinsights_sitenote_note":"","_monsterinsights_sitenote_category":0,"footnotes":""},"class_list":["post-59","page","type-page","status-publish","hentry"],"aioseo_notices":[],"_links":{"self":[{"href":"https:\/\/www.lexlet.at\/index.php\/wp-json\/wp\/v2\/pages\/59","targetHints":{"allow":["GET"]}}],"collection":[{"href":"https:\/\/www.lexlet.at\/index.php\/wp-json\/wp\/v2\/pages"}],"about":[{"href":"https:\/\/www.lexlet.at\/index.php\/wp-json\/wp\/v2\/types\/page"}],"author":[{"embeddable":true,"href":"https:\/\/www.lexlet.at\/index.php\/wp-json\/wp\/v2\/users\/1"}],"replies":[{"embeddable":true,"href":"https:\/\/www.lexlet.at\/index.php\/wp-json\/wp\/v2\/comments?post=59"}],"version-history":[{"count":86,"href":"https:\/\/www.lexlet.at\/index.php\/wp-json\/wp\/v2\/pages\/59\/revisions"}],"predecessor-version":[{"id":1247,"href":"https:\/\/www.lexlet.at\/index.php\/wp-json\/wp\/v2\/pages\/59\/revisions\/1247"}],"wp:attachment":[{"href":"https:\/\/www.lexlet.at\/index.php\/wp-json\/wp\/v2\/media?parent=59"}],"curies":[{"name":"wp","href":"https:\/\/api.w.org\/{rel}","templated":true}]}}