{"id":944,"date":"2020-03-24T12:14:51","date_gmt":"2020-03-24T11:14:51","guid":{"rendered":"http:\/\/wp2.lexlet.at\/?page_id=944"},"modified":"2020-03-24T12:15:00","modified_gmt":"2020-03-24T11:15:00","slug":"kontaktrecht-unterhalt","status":"publish","type":"page","link":"https:\/\/www.lexlet.at\/index.php\/coronarechtshilfe\/kontaktrecht-unterhalt\/","title":{"rendered":"Kontaktrecht \/ Unterhalt"},"content":{"rendered":"\n<style type=\"text\/css\" data-created_by=\"avia_inline_auto\" id=\"style-css-av-av_one_full-48fa403461522c90ad195d35fed0c7d4\">\n.flex_column.av-av_one_full-48fa403461522c90ad195d35fed0c7d4{\nborder-radius:0px 0px 0px 0px;\npadding:0px 0px 0px 0px;\n}\n<\/style>\n<div  class='flex_column av-av_one_full-48fa403461522c90ad195d35fed0c7d4 av_one_full  avia-builder-el-0  el_before_av_hr  avia-builder-el-first  first flex_column_div av-animated-generic fade-in av-zero-column-padding  '     ><style type=\"text\/css\" data-created_by=\"avia_inline_auto\" id=\"style-css-av-av_heading-90c4aae0268c147489df25e5fb96136e\">\n#top .av-special-heading.av-av_heading-90c4aae0268c147489df25e5fb96136e{\npadding-bottom:15px;\ncolor:#003c70;\n}\nbody .av-special-heading.av-av_heading-90c4aae0268c147489df25e5fb96136e .av-special-heading-tag .heading-char{\nfont-size:25px;\n}\n.av-special-heading.av-av_heading-90c4aae0268c147489df25e5fb96136e .special-heading-inner-border{\nborder-color:#003c70;\n}\n.av-special-heading.av-av_heading-90c4aae0268c147489df25e5fb96136e .av-subheading{\nfont-size:15px;\n}\n<\/style>\n<div  class='av-special-heading av-av_heading-90c4aae0268c147489df25e5fb96136e av-special-heading-h2 custom-color-heading blockquote modern-quote modern-centered  avia-builder-el-1  avia-builder-el-no-sibling '><h2 class='av-special-heading-tag '  itemprop=\"headline\"  >Kontaktrecht \/ Unterhalt<\/h2><div class='av_custom_color av-subheading av-subheading_below'><p>Hier finden sie Antworten auf oft gestellte Fragen (FAQ) zum Kontaktrecht und Unterhalt in Bezug auf den Covid19-Ausbruch<\/p>\n<\/div><div class=\"special-heading-border\"><div class=\"special-heading-inner-border\"><\/div><\/div><\/div><\/div>\n<style type=\"text\/css\" data-created_by=\"avia_inline_auto\" id=\"style-css-av-av_hr-0688d0b0b6ed2f8b057db7a8270206df\">\n#top .hr.hr-invisible.av-av_hr-0688d0b0b6ed2f8b057db7a8270206df{\nheight:50px;\n}\n<\/style>\n<div  class='hr av-av_hr-0688d0b0b6ed2f8b057db7a8270206df hr-invisible  avia-builder-el-2  el_after_av_one_full  el_before_av_one_full '><span class='hr-inner '><span class=\"hr-inner-style\"><\/span><\/span><\/div><\/p>\n\n<style type=\"text\/css\" data-created_by=\"avia_inline_auto\" id=\"style-css-av-av_one_full-48fa403461522c90ad195d35fed0c7d4\">\n.flex_column.av-av_one_full-48fa403461522c90ad195d35fed0c7d4{\nborder-radius:0px 0px 0px 0px;\npadding:0px 0px 0px 0px;\n}\n<\/style>\n<div  class='flex_column av-av_one_full-48fa403461522c90ad195d35fed0c7d4 av_one_full  avia-builder-el-3  el_after_av_hr  el_before_av_hr  first flex_column_div av-animated-generic fade-in av-zero-column-padding  '     ><section  class='av_textblock_section av-av_textblock-0366cc7376be6c9e82a3e9cc8987b64f '   itemscope=\"itemscope\" itemtype=\"https:\/\/schema.org\/CreativeWork\" ><div class='avia_textblock'  itemprop=\"text\" ><p><strong>D\u00fcrfen Kinder zu dem Elternteil, bei dem sie nicht oder nicht haupts\u00e4chlich wohnen, gebracht werden? <\/strong><\/p>\n<p style=\"padding-left: 40px;\">Ja. Laut Aussendung des Justizministeriums ist es auch unter den aktuellen Umst\u00e4nden zul\u00e4ssig, das Haus zu verlassen, um vorgesehene Kontaktrechte zwischen Eltern und Kindern auszu\u00fcben. Kinder, die schon bisher zur H\u00e4lfte im Haushalt des einen Elternteils und zur H\u00e4lfte in dem des anderen Elternteils lebten, k\u00f6nnen daher wie gewohnt wechseln. Ebenso sind die \u00fcblichen Wochenendkontakte oder stundenweisen Kontakte durch die Verordnung nicht eingeschr\u00e4nkt. Die Eltern k\u00f6nnen auch einvernehmlich andere Besuchsregelungen treffen. Im Streitfall hat das zust\u00e4ndige Pflegschaftsgericht entscheiden.<\/p>\n<hr \/>\n<p><strong>Kann derzeit Kindesunterhalt bzw. ein Unterhaltsvorschuss bei Gericht beantragt werden?<\/strong><\/p>\n<p style=\"padding-left: 40px;\">Ja. Diese Verfahren werden trotz der aktuellen Beschr\u00e4nkungen bei Gericht durchgef\u00fchrt. Wer einen Unterhaltstitel hat, etwa einen Gerichtsbeschluss oder eine Unterhaltsvereinbarung, kann Unterhaltsvorschuss selbst dann gew\u00e4hrt bekommen, wenn zuvor kein Exekutionsantrag eingebracht wurde.<\/p>\n<hr \/>\n<p><strong>K\u00f6nnen in der aktuellen Situation entf\u00fchrte Kinder nach \u00d6sterreich zur\u00fcckgeholt werden?\u00a0<\/strong><\/p>\n<p style=\"padding-left: 40px;\">Der Betrieb der Gerichte bleibt f\u00fcr dringende Angelegenheiten des Kindschaftsrechts weiterhin aufrecht, dazu z\u00e4hlen auch R\u00fcckf\u00fchrungen entf\u00fchrter Kinder. Inwieweit dies allerdings aufgrund der bestehenden Einreisesperren und dem stark eingeschr\u00e4nkten Flugverkehr tats\u00e4chlich m\u00f6glich sein wird, muss im Einzelfall gepr\u00fcft werden.<\/p>\n<hr \/>\n<p><strong>Wie kann das Kontaktrechte nicht erziehender Eltern, die sich im Ausland befinden erfolgen?\u00a0<\/strong><\/p>\n<p style=\"padding-left: 40px;\">Die aktuell bestehenden Ein- und Ausreisesperren \u00e4ndern nichts an der familienrechtlichen Rechtslage. Wenn physische Kontakte durch die Reisebeschr\u00e4nkungen nicht zul\u00e4ssig bzw. nicht m\u00f6glich sind, kann der Kontakt anderweitig \u00fcber Telefon, Videotelefonie, Skype und dergleichen ausge\u00fcbt werden.<\/p>\n<hr \/>\n<p><strong>Besteht die Pflicht Unterhalt zu bezahlen weiter?<\/strong><\/p>\n<p style=\"padding-left: 40px;\">Ja, der Unterhalt muss weiterhin bezahlt werden. Aufgrund der eingetretenen ge\u00e4nderten finanziellen Verh\u00e4ltnisse kann es aber auch zu einer \u00c4nderung der Unterhaltspflicht kommen bzw. eine Herabsetzung beantragt werden.<\/p>\n<hr \/>\n<\/div><\/section><\/div>\n<style type=\"text\/css\" data-created_by=\"avia_inline_auto\" id=\"style-css-av-av_hr-0688d0b0b6ed2f8b057db7a8270206df\">\n#top .hr.hr-invisible.av-av_hr-0688d0b0b6ed2f8b057db7a8270206df{\nheight:50px;\n}\n<\/style>\n<div  class='hr av-av_hr-0688d0b0b6ed2f8b057db7a8270206df hr-invisible  avia-builder-el-5  el_after_av_one_full  el_before_av_one_full '><span class='hr-inner '><span class=\"hr-inner-style\"><\/span><\/span><\/div><\/p>\n\n<style type=\"text\/css\" data-created_by=\"avia_inline_auto\" id=\"style-css-av-av_one_full-48fa403461522c90ad195d35fed0c7d4\">\n.flex_column.av-av_one_full-48fa403461522c90ad195d35fed0c7d4{\nborder-radius:0px 0px 0px 0px;\npadding:0px 0px 0px 0px;\n}\n<\/style>\n<div  class='flex_column av-av_one_full-48fa403461522c90ad195d35fed0c7d4 av_one_full  avia-builder-el-6  el_after_av_hr  el_before_av_one_third  first flex_column_div av-animated-generic fade-in av-zero-column-padding  '     ><style type=\"text\/css\" data-created_by=\"avia_inline_auto\" id=\"style-css-av-av_textblock-a46e63d3243520f360b66d40f943954f\">\n#top .av_textblock_section.av-av_textblock-a46e63d3243520f360b66d40f943954f .avia_textblock{\nfont-size:14px;\n}\n<\/style>\n<section  class='av_textblock_section av-av_textblock-a46e63d3243520f360b66d40f943954f '   itemscope=\"itemscope\" itemtype=\"https:\/\/schema.org\/CreativeWork\" ><div class='avia_textblock'  itemprop=\"text\" ><p>Bei weiteren Fragen z\u00f6gern Sie nicht uns zu kontaktieren. Wir halten die aktuellen rechtlichen Entwicklungen im Blick und sind bem\u00fcht Sie bestm\u00f6glich zu unterst\u00fctzen.<\/p>\n<\/div><\/section><\/div>\n<style type=\"text\/css\" data-created_by=\"avia_inline_auto\" id=\"style-css-av-av_one_third-48fa403461522c90ad195d35fed0c7d4\">\n.flex_column.av-av_one_third-48fa403461522c90ad195d35fed0c7d4{\nborder-radius:0px 0px 0px 0px;\npadding:0px 0px 0px 0px;\n}\n<\/style>\n<div  class='flex_column av-av_one_third-48fa403461522c90ad195d35fed0c7d4 av_one_third  avia-builder-el-8  el_after_av_one_full  el_before_av_one_third  first flex_column_div av-animated-generic fade-in av-zero-column-padding  column-top-margin'     ><section  class='av_textblock_section av-av_textblock-0366cc7376be6c9e82a3e9cc8987b64f '   itemscope=\"itemscope\" itemtype=\"https:\/\/schema.org\/CreativeWork\" ><div class='avia_textblock'  itemprop=\"text\" ><p style=\"text-align: center;\"><strong>Verfasst von und ihr Ansprechpartner:<\/strong><\/p>\n<\/div><\/section><\/div>\n<style type=\"text\/css\" data-created_by=\"avia_inline_auto\" id=\"style-css-av-av_one_third-30345572d6c06d9cfd42ea37ace6bad0\">\n.flex_column.av-av_one_third-30345572d6c06d9cfd42ea37ace6bad0{\nborder-radius:0px 0px 0px 0px;\npadding:0px 0px 0px 0px;\n}\n<\/style>\n<div  class='flex_column av-av_one_third-30345572d6c06d9cfd42ea37ace6bad0 av_one_third  avia-builder-el-10  el_after_av_one_third  el_before_av_one_third  flex_column_div av-animated-generic fade-in av-zero-column-padding  column-top-margin'     ><p>\n<style type=\"text\/css\" data-created_by=\"avia_inline_auto\" id=\"style-css-av-av_team_member-54a181f211321905949886ee9e712ad9\">\n#top #wrap_all .avia-team-member.av-av_team_member-54a181f211321905949886ee9e712ad9 .team-member-name{\ncolor:#003c70;\n}\n.avia-team-member.av-av_team_member-54a181f211321905949886ee9e712ad9 .team-member-job-title{\ncolor:#003c70;\n}\n<\/style>\n<section  class='avia-team-member av-av_team_member-54a181f211321905949886ee9e712ad9  avia-builder-el-11  el_before_av_textblock  avia-builder-el-first '  itemscope=\"itemscope\" itemtype=\"https:\/\/schema.org\/Person\" ><div class=\"team-img-container\"><img decoding=\"async\" fetchpriority=\"high\" class='wp-image-608 avia-img-lazy-loading-not-608 avia_image avia_image_team' src=\"https:\/\/wp2.lexlet.at\/wp-content\/uploads\/2019\/06\/KHP_LE_Mag_Katharina_Schwaiger-300x300.jpg\" alt='Mag. Katharina Schwaiger'  itemprop=\"image\"   height=\"300\" width=\"300\" srcset=\"https:\/\/wp2.lexlet.at\/wp-content\/uploads\/2019\/06\/KHP_LE_Mag_Katharina_Schwaiger-300x300.jpg 300w, https:\/\/wp2.lexlet.at\/wp-content\/uploads\/2019\/06\/KHP_LE_Mag_Katharina_Schwaiger-80x80.jpg 80w, https:\/\/wp2.lexlet.at\/wp-content\/uploads\/2019\/06\/KHP_LE_Mag_Katharina_Schwaiger-36x36.jpg 36w, https:\/\/wp2.lexlet.at\/wp-content\/uploads\/2019\/06\/KHP_LE_Mag_Katharina_Schwaiger-180x180.jpg 180w, https:\/\/wp2.lexlet.at\/wp-content\/uploads\/2019\/06\/KHP_LE_Mag_Katharina_Schwaiger-120x120.jpg 120w, https:\/\/wp2.lexlet.at\/wp-content\/uploads\/2019\/06\/KHP_LE_Mag_Katharina_Schwaiger-450x449.jpg 450w, https:\/\/wp2.lexlet.at\/wp-content\/uploads\/2019\/06\/KHP_LE_Mag_Katharina_Schwaiger.jpg 500w\" sizes=\"(max-width: 300px) 100vw, 300px\" \/><\/div><h3 class='team-member-name '  itemprop=\"name\" >Mag. Katharina Schwaiger<\/h3><div class='team-member-job-title av_opacity_variation'  itemprop=\"jobTitle\" >Rechtsanwaltsanw\u00e4rterin Attnang-Puchheim<\/div><span class='hidden team-member-affiliation'  itemprop=\"affiliation\" >Landl + Edelmann Rechtsanwaelte<\/span><\/section><br \/>\n<section  class='av_textblock_section av-av_textblock-0366cc7376be6c9e82a3e9cc8987b64f '   itemscope=\"itemscope\" itemtype=\"https:\/\/schema.org\/CreativeWork\" ><div class='avia_textblock'  itemprop=\"text\" ><p style=\"text-align: left;\">Bei weiteren Fragen schreiben Sie direkt an: <a href=\"mailto:m.schwaiger@lexlet.at\">m.schwaiger@lexlet.at<\/a><\/p>\n<p>Weitere Kontaktm\u00f6glichkeiten:<\/p>\n<ul>\n<li><a href=\"https:\/\/www.lexlet.at\/index.php\/kontakt\/\">Kontaktformular<\/a><\/li>\n<li><a href=\"https:\/\/www.facebook.com\/LandlEdelmann\/\">Facebook<\/a><\/li>\n<\/ul>\n<\/div><\/section><\/p><\/div>\n<style type=\"text\/css\" data-created_by=\"avia_inline_auto\" id=\"style-css-av-av_one_third-30345572d6c06d9cfd42ea37ace6bad0\">\n.flex_column.av-av_one_third-30345572d6c06d9cfd42ea37ace6bad0{\nborder-radius:0px 0px 0px 0px;\npadding:0px 0px 0px 0px;\n}\n<\/style>\n<div  class='flex_column av-av_one_third-30345572d6c06d9cfd42ea37ace6bad0 av_one_third  avia-builder-el-13  el_after_av_one_third  avia-builder-el-last  flex_column_div av-animated-generic fade-in av-zero-column-padding  column-top-margin'     ><section  class='av_textblock_section av-av_textblock-0366cc7376be6c9e82a3e9cc8987b64f '   itemscope=\"itemscope\" itemtype=\"https:\/\/schema.org\/CreativeWork\" ><div class='avia_textblock'  itemprop=\"text\" ><p style=\"text-align: right;\"><em><strong>zuletzt aktualisiert: 24.3.2020<\/strong><\/em><\/p>\n<\/div><\/section><\/div><\/p>\n","protected":false},"excerpt":{"rendered":"","protected":false},"author":1,"featured_media":0,"parent":776,"menu_order":6,"comment_status":"closed","ping_status":"closed","template":"","meta":{"_monsterinsights_skip_tracking":false,"_monsterinsights_sitenote_active":false,"_monsterinsights_sitenote_note":"","_monsterinsights_sitenote_category":0,"footnotes":""},"class_list":["post-944","page","type-page","status-publish","hentry"],"aioseo_notices":[],"_links":{"self":[{"href":"https:\/\/www.lexlet.at\/index.php\/wp-json\/wp\/v2\/pages\/944","targetHints":{"allow":["GET"]}}],"collection":[{"href":"https:\/\/www.lexlet.at\/index.php\/wp-json\/wp\/v2\/pages"}],"about":[{"href":"https:\/\/www.lexlet.at\/index.php\/wp-json\/wp\/v2\/types\/page"}],"author":[{"embeddable":true,"href":"https:\/\/www.lexlet.at\/index.php\/wp-json\/wp\/v2\/users\/1"}],"replies":[{"embeddable":true,"href":"https:\/\/www.lexlet.at\/index.php\/wp-json\/wp\/v2\/comments?post=944"}],"version-history":[{"count":3,"href":"https:\/\/www.lexlet.at\/index.php\/wp-json\/wp\/v2\/pages\/944\/revisions"}],"predecessor-version":[{"id":951,"href":"https:\/\/www.lexlet.at\/index.php\/wp-json\/wp\/v2\/pages\/944\/revisions\/951"}],"up":[{"embeddable":true,"href":"https:\/\/www.lexlet.at\/index.php\/wp-json\/wp\/v2\/pages\/776"}],"wp:attachment":[{"href":"https:\/\/www.lexlet.at\/index.php\/wp-json\/wp\/v2\/media?parent=944"}],"curies":[{"name":"wp","href":"https:\/\/api.w.org\/{rel}","templated":true}]}}